{"id":286143,"date":"2023-07-06T15:53:23","date_gmt":"2023-07-06T13:53:23","guid":{"rendered":"https:\/\/hotel-surc.com\/chalet-surc-tamar\/kje-smo\/"},"modified":"2023-07-22T10:18:46","modified_gmt":"2023-07-22T08:18:46","slug":"where-we-are","status":"publish","type":"page","link":"https:\/\/hotel-surc.com\/chalet-surc-tamar\/en\/where-we-are\/","title":{"rendered":"WHERE WE ARE"},"content":{"rendered":"<p>[et_pb_section fb_built=&#8221;1&#8243; admin_label=&#8221;Hero Section&#8221; _builder_version=&#8221;4.21.0&#8243; _module_preset=&#8221;default&#8221; use_background_color_gradient=&#8221;on&#8221; background_color_gradient_direction=&#8221;120deg&#8221; background_color_gradient_stops=&#8221;rgba(0,0,0,0) 0%|rgba(0,0,0,0.71) 100%&#8221; background_color_gradient_overlays_image=&#8221;on&#8221; background_color_gradient_start=&#8221;#000000&#8243; background_color_gradient_end=&#8221;rgba(0,0,0,0)&#8221; background_image=&#8221;https:\/\/hotel-surc.com\/chalet-surc-tamar\/wp-content\/uploads\/2023\/07\/CHALET-SURC-TAMAR.jpg&#8221; background_position=&#8221;center_left&#8221; custom_padding=&#8221;10%||10%|&#8221; locked=&#8221;off&#8221; global_colors_info=&#8221;{}&#8221;][et_pb_row column_structure=&#8221;1_2,1_2&#8243; admin_label=&#8221;Hero Area&#8221; _builder_version=&#8221;4.19.4&#8243; _module_preset=&#8221;default&#8221; global_colors_info=&#8221;{}&#8221;][et_pb_column type=&#8221;1_2&#8243; _builder_version=&#8221;4.16&#8243; _module_preset=&#8221;default&#8221; custom_padding=&#8221;|||&#8221; global_colors_info=&#8221;{}&#8221; custom_padding__hover=&#8221;|||&#8221;][\/et_pb_column][et_pb_column type=&#8221;1_2&#8243; _builder_version=&#8221;4.16&#8243; _module_preset=&#8221;default&#8221; custom_padding=&#8221;|||&#8221; global_colors_info=&#8221;{}&#8221; custom_padding__hover=&#8221;|||&#8221;][et_pb_text admin_label=&#8221;Title&#8221; _builder_version=&#8221;4.21.0&#8243; _module_preset=&#8221;default&#8221; text_font=&#8221;||||||||&#8221; header_font=&#8221;|600|||||||&#8221; header_font_size=&#8221;60px&#8221; header_line_height=&#8221;1.2em&#8221; background_layout=&#8221;dark&#8221; animation_style=&#8221;fade&#8221; header_font_size_tablet=&#8221;&#8221; header_font_size_phone=&#8221;40px&#8221; header_font_size_last_edited=&#8221;on|phone&#8221; global_colors_info=&#8221;{}&#8221;]<\/p>\n<h1>WHERE WE ARE<\/h1>\n<p>[\/et_pb_text][et_pb_text admin_label=&#8221;Subtitle&#8221; _builder_version=&#8221;4.21.0&#8243; _module_preset=&#8221;default&#8221; text_font=&#8221;||||||||&#8221; text_font_size=&#8221;18px&#8221; text_line_height=&#8221;1.8em&#8221; header_font=&#8221;||||||||&#8221; background_layout=&#8221;dark&#8221; custom_margin=&#8221;|||&#8221; custom_padding=&#8221;|||&#8221; animation_style=&#8221;fade&#8221; global_colors_info=&#8221;{}&#8221;][\/et_pb_text][et_pb_button button_url=&#8221;https:\/\/hotel-surc.com\/chalet-surc-tamar\/en\/book-now\/&#8221; button_text=&#8221;BOOK NOW&#8221; admin_label=&#8221;BOOK NOW&#8221; _builder_version=&#8221;4.21.0&#8243; _module_preset=&#8221;default&#8221; custom_button=&#8221;on&#8221; button_text_size=&#8221;14px&#8221; button_text_color=&#8221;#C6A67F&#8221; button_bg_color=&#8221;#194846&#8243; button_border_width=&#8221;8px&#8221; button_border_color=&#8221;#194846&#8243; button_border_radius=&#8221;0px&#8221; button_letter_spacing=&#8221;2px&#8221; button_font=&#8221;|600||on|||||&#8221; button_icon=&#8221;&#x24;||divi||400&#8243; custom_margin=&#8221;20px|20px|20px|20px|false|true&#8221; custom_padding=&#8221;||||false|false&#8221; animation_style=&#8221;fade&#8221; locked=&#8221;off&#8221; global_colors_info=&#8221;{}&#8221; button_text_size__hover_enabled=&#8221;off&#8221; button_one_text_size__hover_enabled=&#8221;off&#8221; button_two_text_size__hover_enabled=&#8221;off&#8221; button_text_color__hover_enabled=&#8221;off&#8221; button_one_text_color__hover_enabled=&#8221;off&#8221; button_two_text_color__hover_enabled=&#8221;off&#8221; button_border_width__hover_enabled=&#8221;off&#8221; button_one_border_width__hover_enabled=&#8221;off&#8221; button_two_border_width__hover_enabled=&#8221;off&#8221; button_border_color__hover_enabled=&#8221;off&#8221; button_one_border_color__hover_enabled=&#8221;off&#8221; button_two_border_color__hover_enabled=&#8221;off&#8221; button_border_radius__hover_enabled=&#8221;off&#8221; button_one_border_radius__hover_enabled=&#8221;off&#8221; button_two_border_radius__hover_enabled=&#8221;off&#8221; button_letter_spacing__hover_enabled=&#8221;off&#8221; button_one_letter_spacing__hover_enabled=&#8221;off&#8221; button_two_letter_spacing__hover_enabled=&#8221;off&#8221; button_bg_color__hover_enabled=&#8221;off&#8221; button_one_bg_color__hover_enabled=&#8221;off&#8221; button_two_bg_color__hover_enabled=&#8221;off&#8221;][\/et_pb_button][\/et_pb_column][\/et_pb_row][\/et_pb_section][et_pb_section fb_built=&#8221;1&#8243; admin_label=&#8221;SOBE&#8221; _builder_version=&#8221;4.21.0&#8243; _module_preset=&#8221;default&#8221; background_color=&#8221;#E6DFCF&#8221; background_enable_image=&#8221;off&#8221; background_blend=&#8221;overlay&#8221; custom_margin=&#8221;||||false|false&#8221; custom_padding=&#8221;||10px||false|false&#8221; global_colors_info=&#8221;{}&#8221;][et_pb_row _builder_version=&#8221;4.19.4&#8243; _module_preset=&#8221;default&#8221; global_colors_info=&#8221;{}&#8221;][et_pb_column type=&#8221;4_4&#8243; _builder_version=&#8221;4.16&#8243; _module_preset=&#8221;default&#8221; global_colors_info=&#8221;{}&#8221;][et_pb_text admin_label=&#8221;Where we are&#8221; _builder_version=&#8221;4.21.0&#8243; _module_preset=&#8221;default&#8221; header_font=&#8221;|700|||||||&#8221; header_font_size=&#8221;60px&#8221; header_line_height=&#8221;1.3em&#8221; header_font_size_tablet=&#8221;40px&#8221; header_font_size_phone=&#8221;30px&#8221; header_font_size_last_edited=&#8221;on|phone&#8221; global_colors_info=&#8221;{}&#8221;]<\/p>\n<h1 style=\"text-align: center;\">Where we are<\/h1>\n<p>[\/et_pb_text][et_pb_text _builder_version=&#8221;4.21.0&#8243; _module_preset=&#8221;default&#8221; text_font=&#8221;||||||||&#8221; text_text_color=&#8221;#194846&#8243; custom_margin=&#8221;||1px|||&#8221; global_colors_info=&#8221;{}&#8221;]<\/p>\n<p style=\"text-align: center;\">Welcome to Chalet \u0160urc in magical Tamarje, just a step away from the picturesque village of Rate\u010de! We are happy to open the doors of our idyllic mountain hut, where you can completely relax and enjoy the unspoilt beauty of the mountain environment. On the local road from Rate\u010d, it is asphalted to the ski jumps in Planica &#8211; 1 hour walk to the home.<\/p>\n<p>[\/et_pb_text][et_pb_text admin_label=&#8221;Soba 11&#8243; _builder_version=&#8221;4.21.0&#8243; _module_preset=&#8221;default&#8221; text_font=&#8221;|300|||||||&#8221; text_text_color=&#8221;#194846&#8243; text_font_size=&#8221;12px&#8221; header_font=&#8221;|600|||||||&#8221; header_text_color=&#8221;#194846&#8243; hover_enabled=&#8221;0&#8243; header_font_size_tablet=&#8221;35px&#8221; header_font_size_phone=&#8221;35px&#8221; header_font_size_last_edited=&#8221;on|phone&#8221; locked=&#8221;off&#8221; global_colors_info=&#8221;{}&#8221; sticky_enabled=&#8221;0&#8243;]<\/p>\n<p style=\"text-align: center;\">*Before leaving for Tamar, you must register at Hotel \u0160urc at Rate\u010de 86 by 3:30 p.m. at the latest. We can be reached on tel. +386 41 60 90 60.<\/p>\n<p>[\/et_pb_text][\/et_pb_column][\/et_pb_row][\/et_pb_section][et_pb_section fb_built=&#8221;1&#8243; admin_label=&#8221;Section&#8221; _builder_version=&#8221;4.21.0&#8243; _module_preset=&#8221;default&#8221; background_color=&#8221;#E6DFCF&#8221; global_colors_info=&#8221;{}&#8221;][et_pb_row column_structure=&#8221;1_2,1_2&#8243; _builder_version=&#8221;4.19.4&#8243; _module_preset=&#8221;default&#8221; global_colors_info=&#8221;{}&#8221;][et_pb_column type=&#8221;1_2&#8243; _builder_version=&#8221;4.19.4&#8243; _module_preset=&#8221;default&#8221; global_colors_info=&#8221;{}&#8221;][et_pb_text admin_label=&#8221;Location&#8221; _builder_version=&#8221;4.21.0&#8243; _module_preset=&#8221;default&#8221; header_font=&#8221;|600|||||||&#8221; global_colors_info=&#8221;{}&#8221;]<\/p>\n<h1>Location<\/h1>\n<p><iframe src=\"https:\/\/www.google.com\/maps\/embed?pb=!1m14!1m8!1m3!1d1627.322304059082!2d13.712991851338462!3d46.44609385646952!3m2!1i1024!2i768!4f13.1!3m3!1m2!1s0x477a6497e4b7ada3%3A0x4e88f69a902b8ebc!2sRate%C4%8De%20169%2C%204283%20Rate%C4%8De%20Planica!5e0!3m2!1sen!2ssi!4v1688650803887!5m2!1sen!2ssi\" width=\"100%\" height=\"450\" style=\"border: 0;\" allowfullscreen=\"\" loading=\"lazy\" referrerpolicy=\"no-referrer-when-downgrade\"><\/iframe><\/p>\n<p>[\/et_pb_text][\/et_pb_column][et_pb_column type=&#8221;1_2&#8243; _builder_version=&#8221;4.19.4&#8243; _module_preset=&#8221;default&#8221; global_colors_info=&#8221;{}&#8221;][et_pb_text admin_label=&#8221;Contact&#8221; _builder_version=&#8221;4.21.0&#8243; _module_preset=&#8221;default&#8221; header_font=&#8221;|600|||||||&#8221; global_colors_info=&#8221;{}&#8221;]<\/p>\n<h1>Contact<\/h1>\n<p>[\/et_pb_text][et_pb_blurb use_icon=&#8221;on&#8221; font_icon=&#8221;&#xf5a0;||fa||900&#8243; icon_placement=&#8221;left&#8221; _builder_version=&#8221;4.21.0&#8243; _module_preset=&#8221;default&#8221; body_text_color=&#8221;#194846&#8243; image_icon_custom_margin=&#8221;||||true|true&#8221; image_icon_custom_padding=&#8221;||||true|true&#8221; border_color_all_image=&#8221;#194846&#8243; global_colors_info=&#8221;{}&#8221;]<\/p>\n<p style=\"font-weight: 400;\">Rate\u010de 169, 4283 Rate\u010de Planica<\/p>\n<p>[\/et_pb_blurb][et_pb_blurb use_icon=&#8221;on&#8221; font_icon=&#8221;&#xf879;||fa||900&#8243; icon_placement=&#8221;left&#8221; _builder_version=&#8221;4.21.0&#8243; _module_preset=&#8221;default&#8221; body_text_color=&#8221;#194846&#8243; image_icon_custom_margin=&#8221;||||true|true&#8221; image_icon_custom_padding=&#8221;||||true|true&#8221; border_color_all_image=&#8221;#194846&#8243; global_colors_info=&#8221;{}&#8221;]<\/p>\n<p style=\"font-weight: 400;\">+386 41 60 90 60<\/p>\n<p>[\/et_pb_blurb][et_pb_blurb use_icon=&#8221;on&#8221; font_icon=&#8221;&#xf0e0;||fa||900&#8243; icon_placement=&#8221;left&#8221; _builder_version=&#8221;4.21.0&#8243; _module_preset=&#8221;default&#8221; body_text_color=&#8221;#194846&#8243; image_icon_custom_margin=&#8221;||||true|true&#8221; image_icon_custom_padding=&#8221;||||true|true&#8221; border_color_all_image=&#8221;#194846&#8243; global_colors_info=&#8221;{}&#8221;]<\/p>\n<p style=\"font-weight: 400;\">info@hotel-surc.com<\/p>\n<p>[\/et_pb_blurb][\/et_pb_column][\/et_pb_row][\/et_pb_section][et_pb_section fb_built=&#8221;1&#8243; _builder_version=&#8221;4.19.4&#8243; _module_preset=&#8221;default&#8221; background_color=&#8221;#194846&#8243; global_module=&#8221;286135&#8243; saved_tabs=&#8221;all&#8221; global_colors_info=&#8221;{}&#8221;][et_pb_row _builder_version=&#8221;4.19.4&#8243; _module_preset=&#8221;default&#8221; global_colors_info=&#8221;{}&#8221;][et_pb_column type=&#8221;4_4&#8243; _builder_version=&#8221;4.19.4&#8243; _module_preset=&#8221;default&#8221; global_colors_info=&#8221;{}&#8221;][et_pb_image src=&#8221;https:\/\/hotel-surc.com\/chalet-surc-tamar\/wp-content\/uploads\/2023\/07\/CHALET-SURC-LOGO-FULL-final-4.png&#8221; title_text=&#8221;CHALET S\u030cURC LOGO &#8211; FULL &#8211; final&#8221; align=&#8221;center&#8221; _builder_version=&#8221;4.21.0&#8243; _module_preset=&#8221;default&#8221; global_colors_info=&#8221;{}&#8221;][\/et_pb_image][\/et_pb_column][\/et_pb_row][et_pb_row column_structure=&#8221;1_2,1_2&#8243; _builder_version=&#8221;4.19.4&#8243; _module_preset=&#8221;default&#8221; global_colors_info=&#8221;{}&#8221;][et_pb_column type=&#8221;1_2&#8243; _builder_version=&#8221;4.19.4&#8243; _module_preset=&#8221;default&#8221; global_colors_info=&#8221;{}&#8221;][et_pb_blurb title=&#8221;ADDRESS&#8221; use_icon=&#8221;on&#8221; font_icon=&#8221;&#xf5a0;||fa||900&#8243; icon_color=&#8221;#c6a67f&#8221; image_icon_width=&#8221;32px&#8221; admin_label=&#8221;ADDRESS&#8221; _builder_version=&#8221;4.21.0&#8243; _module_preset=&#8221;default&#8221; header_font=&#8221;|700|||||||&#8221; header_text_color=&#8221;#FFFFFF&#8221; body_font=&#8221;||||||||&#8221; body_font_size=&#8221;15px&#8221; body_link_font=&#8221;|300|||||||&#8221; body_link_text_color=&#8221;#C6A67F&#8221; text_orientation=&#8221;center&#8221; background_layout=&#8221;dark&#8221; global_colors_info=&#8221;{}&#8221;]<\/p>\n<p><strong>CHALET \u0160URC<\/strong><br \/>Rate\u010de 169<br \/>SI-4283 Rate\u010de Planica<br \/>Slovenia<\/p>\n<p>[\/et_pb_blurb][\/et_pb_column][et_pb_column type=&#8221;1_2&#8243; _builder_version=&#8221;4.19.4&#8243; _module_preset=&#8221;default&#8221; global_colors_info=&#8221;{}&#8221;][et_pb_blurb title=&#8221;CONTACT&#8221; use_icon=&#8221;on&#8221; font_icon=&#8221;&#xf2c2;||fa||400&#8243; icon_color=&#8221;#c6a67f&#8221; image_icon_width=&#8221;32px&#8221; admin_label=&#8221;CONTACT&#8221; _builder_version=&#8221;4.21.0&#8243; _module_preset=&#8221;default&#8221; header_font=&#8221;|700|||||||&#8221; header_text_color=&#8221;#FFFFFF&#8221; body_font=&#8221;||||||||&#8221; body_font_size=&#8221;15px&#8221; body_link_font=&#8221;|300|||||||&#8221; body_link_text_color=&#8221;#C6A67F&#8221; text_orientation=&#8221;center&#8221; background_layout=&#8221;dark&#8221; global_colors_info=&#8221;{}&#8221;]<\/p>\n<p>Email: <a href=\"mailto:info@hotel-surc.com\" target=\"_blank\" rel=\"noopener\">info@hotel-surc.com<\/a><br \/>Phone: +386 41 60 90 60<\/p>\n<p>[\/et_pb_blurb][\/et_pb_column][\/et_pb_row][\/et_pb_section]<\/p>\n","protected":false},"excerpt":{"rendered":"<p>WHERE WE AREWhere we areWelcome to Chalet \u0160urc in magical Tamarje, just a step away from the picturesque village of Rate\u010de! We are happy to open the doors of our idyllic mountain hut, where you can completely relax and enjoy the unspoilt beauty of the mountain environment. On the local road from Rate\u010d, it is asphalted to the ski jumps in Planica &#8211; 1 hour walk to the home.*Before leaving for Tamar, you must register at Hotel \u0160urc at Rate\u010de 86 by 3:30 p.m. at the latest. We can be reached on tel. +386 41 60 90 60.Location ContactRate\u010de 169, 4283 Rate\u010de Planica+386 41 60 90 60info@hotel-surc.comCHALET \u0160URCRate\u010de 169SI-4283 Rate\u010de PlanicaSloveniaEmail: info@hotel-surc.comPhone: +386 41 60 90 60<\/p>\n","protected":false},"author":1,"featured_media":34,"parent":0,"menu_order":4,"comment_status":"closed","ping_status":"closed","template":"","meta":{"_et_pb_use_builder":"on","_et_pb_old_content":"","_et_gb_content_width":"","footnotes":""},"class_list":["post-286143","page","type-page","status-publish","has-post-thumbnail","hentry"],"aioseo_notices":[],"_links":{"self":[{"href":"https:\/\/hotel-surc.com\/chalet-surc-tamar\/en\/wp-json\/wp\/v2\/pages\/286143","targetHints":{"allow":["GET"]}}],"collection":[{"href":"https:\/\/hotel-surc.com\/chalet-surc-tamar\/en\/wp-json\/wp\/v2\/pages"}],"about":[{"href":"https:\/\/hotel-surc.com\/chalet-surc-tamar\/en\/wp-json\/wp\/v2\/types\/page"}],"author":[{"embeddable":true,"href":"https:\/\/hotel-surc.com\/chalet-surc-tamar\/en\/wp-json\/wp\/v2\/users\/1"}],"replies":[{"embeddable":true,"href":"https:\/\/hotel-surc.com\/chalet-surc-tamar\/en\/wp-json\/wp\/v2\/comments?post=286143"}],"version-history":[{"count":9,"href":"https:\/\/hotel-surc.com\/chalet-surc-tamar\/en\/wp-json\/wp\/v2\/pages\/286143\/revisions"}],"predecessor-version":[{"id":286227,"href":"https:\/\/hotel-surc.com\/chalet-surc-tamar\/en\/wp-json\/wp\/v2\/pages\/286143\/revisions\/286227"}],"wp:featuredmedia":[{"embeddable":true,"href":"https:\/\/hotel-surc.com\/chalet-surc-tamar\/en\/wp-json\/wp\/v2\/media\/34"}],"wp:attachment":[{"href":"https:\/\/hotel-surc.com\/chalet-surc-tamar\/en\/wp-json\/wp\/v2\/media?parent=286143"}],"curies":[{"name":"wp","href":"https:\/\/api.w.org\/{rel}","templated":true}]}}