{"id":286146,"date":"2023-07-11T08:11:09","date_gmt":"2023-07-11T06:11:09","guid":{"rendered":"https:\/\/hotel-surc.com\/chalet-surc-tamar\/rezerviraj\/"},"modified":"2023-07-22T10:44:34","modified_gmt":"2023-07-22T08:44:34","slug":"book-now","status":"publish","type":"page","link":"https:\/\/hotel-surc.com\/chalet-surc-tamar\/en\/book-now\/","title":{"rendered":"BOOK NOW"},"content":{"rendered":"<p>[et_pb_section fb_built=&#8221;1&#8243; admin_label=&#8221;Rezervacija&#8221; _builder_version=&#8221;4.19.4&#8243; _module_preset=&#8221;default&#8221; background_color=&#8221;#194846&#8243; background_enable_image=&#8221;off&#8221; background_blend=&#8221;overlay&#8221; custom_margin=&#8221;||||false|false&#8221; custom_padding=&#8221;||||false|false&#8221; global_colors_info=&#8221;{}&#8221;][et_pb_row _builder_version=&#8221;4.19.4&#8243; _module_preset=&#8221;default&#8221; global_colors_info=&#8221;{}&#8221;][et_pb_column type=&#8221;4_4&#8243; _builder_version=&#8221;4.19.4&#8243; _module_preset=&#8221;default&#8221; global_colors_info=&#8221;{}&#8221;][et_pb_text _builder_version=&#8221;4.21.0&#8243; _module_preset=&#8221;default&#8221; text_text_color=&#8221;#FFFFFF&#8221; header_font=&#8221;|700|||||||&#8221; header_text_color=&#8221;#C6A67F&#8221; header_font_size=&#8221;60px&#8221; header_line_height=&#8221;1.3em&#8221; header_font_size_tablet=&#8221;40px&#8221; header_font_size_phone=&#8221;30px&#8221; header_font_size_last_edited=&#8221;on|phone&#8221; global_colors_info=&#8221;{}&#8221;]<\/p>\n<h1 style=\"text-align: center;\">BOOK NOW<\/h1>\n<p style=\"text-align: center;\">Welcome to Chalet \u0160urc, your cottage in magical Tamar, just a step away from the picturesque village of Rate\u010de! We are happy to open the door to our idyllic mountain cabin, where you can completely relax and enjoy the unspoilt beauty of the mountain environment.<\/p>\n<p>[\/et_pb_text][\/et_pb_column][\/et_pb_row][\/et_pb_section][et_pb_section fb_built=&#8221;1&#8243; admin_label=&#8221;SOBE&#8221; _builder_version=&#8221;4.21.0&#8243; _module_preset=&#8221;default&#8221; background_color=&#8221;#E6DFCF&#8221; background_enable_image=&#8221;off&#8221; background_blend=&#8221;overlay&#8221; custom_margin=&#8221;||||false|false&#8221; custom_padding=&#8221;||10px||false|false&#8221; global_colors_info=&#8221;{}&#8221;][et_pb_row _builder_version=&#8221;4.19.4&#8243; _module_preset=&#8221;default&#8221; global_colors_info=&#8221;{}&#8221;][et_pb_column type=&#8221;4_4&#8243; _builder_version=&#8221;4.16&#8243; _module_preset=&#8221;default&#8221; global_colors_info=&#8221;{}&#8221;][et_pb_text admin_label=&#8221;Soba 11&#8243; _builder_version=&#8221;4.21.0&#8243; _module_preset=&#8221;default&#8221; text_font=&#8221;|300|||||||&#8221; text_text_color=&#8221;#194846&#8243; text_font_size=&#8221;12px&#8221; header_font=&#8221;|600|||||||&#8221; header_text_color=&#8221;#194846&#8243; hover_enabled=&#8221;0&#8243; header_font_size_tablet=&#8221;35px&#8221; header_font_size_phone=&#8221;35px&#8221; header_font_size_last_edited=&#8221;on|phone&#8221; locked=&#8221;off&#8221; global_colors_info=&#8221;{}&#8221; sticky_enabled=&#8221;0&#8243;]*Before leaving for Tamar, you must register at Hotel \u0160urc at Rate\u010de 86 by 3:30 p.m. at the latest. We can be reached on tel. +386 41 60 90 60.[\/et_pb_text][et_pb_code _builder_version=&#8221;4.21.0&#8243; _module_preset=&#8221;default&#8221; global_colors_info=&#8221;{}&#8221;]<script src=\"\/\/www.bentral.com\/service\/embed\/booking.js?id=5f4441344e675f4e&#038;unit=5f546b314e515f4f&#038;width=full&#038;header-bg=e6dfcf&#038;header-color=194846&#038;header2-bg=e6dfcf&#038;header2-color=194846&#038;table-bg=fcfcfc&#038;table-color=194846&#038;btn-bg=194846&#038;btn-color=c6a67f&#038;border-color=194846&#038;lang=en&#038;key=0a32183b827a6a636ff61171336ac1e7\"><\/script>[\/et_pb_code][\/et_pb_column][\/et_pb_row][\/et_pb_section][et_pb_section fb_built=&#8221;1&#8243; _builder_version=&#8221;4.19.4&#8243; _module_preset=&#8221;default&#8221; background_color=&#8221;#194846&#8243; global_module=&#8221;286135&#8243; saved_tabs=&#8221;all&#8221; global_colors_info=&#8221;{}&#8221;][et_pb_row _builder_version=&#8221;4.19.4&#8243; _module_preset=&#8221;default&#8221; global_colors_info=&#8221;{}&#8221;][et_pb_column type=&#8221;4_4&#8243; _builder_version=&#8221;4.19.4&#8243; _module_preset=&#8221;default&#8221; global_colors_info=&#8221;{}&#8221;][et_pb_image src=&#8221;https:\/\/hotel-surc.com\/chalet-surc-tamar\/wp-content\/uploads\/2023\/07\/CHALET-SURC-LOGO-FULL-final-4.png&#8221; title_text=&#8221;CHALET S\u030cURC LOGO &#8211; FULL &#8211; final&#8221; align=&#8221;center&#8221; _builder_version=&#8221;4.21.0&#8243; _module_preset=&#8221;default&#8221; global_colors_info=&#8221;{}&#8221;][\/et_pb_image][\/et_pb_column][\/et_pb_row][et_pb_row column_structure=&#8221;1_2,1_2&#8243; _builder_version=&#8221;4.19.4&#8243; _module_preset=&#8221;default&#8221; global_colors_info=&#8221;{}&#8221;][et_pb_column type=&#8221;1_2&#8243; _builder_version=&#8221;4.19.4&#8243; _module_preset=&#8221;default&#8221; global_colors_info=&#8221;{}&#8221;][et_pb_blurb title=&#8221;ADDRESS&#8221; use_icon=&#8221;on&#8221; font_icon=&#8221;&#xf5a0;||fa||900&#8243; icon_color=&#8221;#c6a67f&#8221; image_icon_width=&#8221;32px&#8221; admin_label=&#8221;ADDRESS&#8221; _builder_version=&#8221;4.21.0&#8243; _module_preset=&#8221;default&#8221; header_font=&#8221;|700|||||||&#8221; header_text_color=&#8221;#FFFFFF&#8221; body_font=&#8221;||||||||&#8221; body_font_size=&#8221;15px&#8221; body_link_font=&#8221;|300|||||||&#8221; body_link_text_color=&#8221;#C6A67F&#8221; text_orientation=&#8221;center&#8221; background_layout=&#8221;dark&#8221; global_colors_info=&#8221;{}&#8221;]<\/p>\n<p><strong>CHALET \u0160URC<\/strong><br \/>Rate\u010de 169<br \/>SI-4283 Rate\u010de Planica<br \/>Slovenia<\/p>\n<p>[\/et_pb_blurb][\/et_pb_column][et_pb_column type=&#8221;1_2&#8243; _builder_version=&#8221;4.19.4&#8243; _module_preset=&#8221;default&#8221; global_colors_info=&#8221;{}&#8221;][et_pb_blurb title=&#8221;CONTACT&#8221; use_icon=&#8221;on&#8221; font_icon=&#8221;&#xf2c2;||fa||400&#8243; icon_color=&#8221;#c6a67f&#8221; image_icon_width=&#8221;32px&#8221; admin_label=&#8221;CONTACT&#8221; _builder_version=&#8221;4.21.0&#8243; _module_preset=&#8221;default&#8221; header_font=&#8221;|700|||||||&#8221; header_text_color=&#8221;#FFFFFF&#8221; body_font=&#8221;||||||||&#8221; body_font_size=&#8221;15px&#8221; body_link_font=&#8221;|300|||||||&#8221; body_link_text_color=&#8221;#C6A67F&#8221; text_orientation=&#8221;center&#8221; background_layout=&#8221;dark&#8221; global_colors_info=&#8221;{}&#8221;]<\/p>\n<p>Email: <a href=\"mailto:info@hotel-surc.com\" target=\"_blank\" rel=\"noopener\">info@hotel-surc.com<\/a><br \/>Phone: +386 41 60 90 60<\/p>\n<p>[\/et_pb_blurb][\/et_pb_column][\/et_pb_row][\/et_pb_section]<\/p>\n","protected":false},"excerpt":{"rendered":"<p>BOOK NOW Welcome to Chalet \u0160urc, your cottage in magical Tamar, just a step away from the picturesque village of Rate\u010de! We are happy to open the door to our idyllic mountain cabin, where you can completely relax and enjoy the unspoilt beauty of the mountain environment.*Before leaving for Tamar, you must register at Hotel \u0160urc at Rate\u010de 86 by 3:30 p.m. at the latest. We can be reached on tel. +386 41 60 90 60.CHALET \u0160URCRate\u010de 169SI-4283 Rate\u010de PlanicaSloveniaEmail: info@hotel-surc.comPhone: +386 41 60 90 60<\/p>\n","protected":false},"author":1,"featured_media":34,"parent":0,"menu_order":6,"comment_status":"closed","ping_status":"closed","template":"","meta":{"_et_pb_use_builder":"on","_et_pb_old_content":"","_et_gb_content_width":"","footnotes":""},"class_list":["post-286146","page","type-page","status-publish","has-post-thumbnail","hentry"],"aioseo_notices":[],"_links":{"self":[{"href":"https:\/\/hotel-surc.com\/chalet-surc-tamar\/en\/wp-json\/wp\/v2\/pages\/286146","targetHints":{"allow":["GET"]}}],"collection":[{"href":"https:\/\/hotel-surc.com\/chalet-surc-tamar\/en\/wp-json\/wp\/v2\/pages"}],"about":[{"href":"https:\/\/hotel-surc.com\/chalet-surc-tamar\/en\/wp-json\/wp\/v2\/types\/page"}],"author":[{"embeddable":true,"href":"https:\/\/hotel-surc.com\/chalet-surc-tamar\/en\/wp-json\/wp\/v2\/users\/1"}],"replies":[{"embeddable":true,"href":"https:\/\/hotel-surc.com\/chalet-surc-tamar\/en\/wp-json\/wp\/v2\/comments?post=286146"}],"version-history":[{"count":9,"href":"https:\/\/hotel-surc.com\/chalet-surc-tamar\/en\/wp-json\/wp\/v2\/pages\/286146\/revisions"}],"predecessor-version":[{"id":286231,"href":"https:\/\/hotel-surc.com\/chalet-surc-tamar\/en\/wp-json\/wp\/v2\/pages\/286146\/revisions\/286231"}],"wp:featuredmedia":[{"embeddable":true,"href":"https:\/\/hotel-surc.com\/chalet-surc-tamar\/en\/wp-json\/wp\/v2\/media\/34"}],"wp:attachment":[{"href":"https:\/\/hotel-surc.com\/chalet-surc-tamar\/en\/wp-json\/wp\/v2\/media?parent=286146"}],"curies":[{"name":"wp","href":"https:\/\/api.w.org\/{rel}","templated":true}]}}