{"id":2,"date":"2023-07-06T06:19:06","date_gmt":"2023-07-06T06:19:06","guid":{"rendered":"https:\/\/hotel-surc.com\/chalet-surc-tamar\/?page_id=2"},"modified":"2023-07-22T11:18:45","modified_gmt":"2023-07-22T09:18:45","slug":"chalet-surc","status":"publish","type":"page","link":"https:\/\/hotel-surc.com\/chalet-surc-tamar\/","title":{"rendered":"CHALET \u0160URC"},"content":{"rendered":"<p>[et_pb_section fb_built=&#8221;1&#8243; admin_label=&#8221;Hero Section&#8221; _builder_version=&#8221;4.21.0&#8243; _module_preset=&#8221;default&#8221; use_background_color_gradient=&#8221;on&#8221; background_color_gradient_direction=&#8221;120deg&#8221; background_color_gradient_stops=&#8221;rgba(0,0,0,0) 0%|rgba(0,0,0,0.71) 100%&#8221; background_color_gradient_overlays_image=&#8221;on&#8221; background_color_gradient_start=&#8221;#000000&#8243; background_color_gradient_end=&#8221;rgba(0,0,0,0)&#8221; background_image=&#8221;https:\/\/hotel-surc.com\/chalet-surc-tamar\/wp-content\/uploads\/2023\/07\/CHALET-SURC-TAMAR-SUMMER.jpg&#8221; background_position=&#8221;center_left&#8221; custom_padding=&#8221;10%||10%|&#8221; locked=&#8221;off&#8221; global_colors_info=&#8221;{}&#8221;][et_pb_row column_structure=&#8221;1_2,1_2&#8243; admin_label=&#8221;Hero Area&#8221; _builder_version=&#8221;4.19.4&#8243; _module_preset=&#8221;default&#8221; global_colors_info=&#8221;{}&#8221;][et_pb_column type=&#8221;1_2&#8243; _builder_version=&#8221;4.16&#8243; _module_preset=&#8221;default&#8221; custom_padding=&#8221;|||&#8221; global_colors_info=&#8221;{}&#8221; custom_padding__hover=&#8221;|||&#8221;][\/et_pb_column][et_pb_column type=&#8221;1_2&#8243; _builder_version=&#8221;4.16&#8243; _module_preset=&#8221;default&#8221; custom_padding=&#8221;|||&#8221; global_colors_info=&#8221;{}&#8221; custom_padding__hover=&#8221;|||&#8221;][et_pb_text admin_label=&#8221;Title&#8221; _builder_version=&#8221;4.21.0&#8243; _module_preset=&#8221;default&#8221; text_font=&#8221;||||||||&#8221; header_font=&#8221;|600|||||||&#8221; header_font_size=&#8221;60px&#8221; header_line_height=&#8221;1.2em&#8221; background_layout=&#8221;dark&#8221; animation_style=&#8221;fade&#8221; header_font_size_tablet=&#8221;&#8221; header_font_size_phone=&#8221;40px&#8221; header_font_size_last_edited=&#8221;on|phone&#8221; global_colors_info=&#8221;{}&#8221;]<\/p>\n<h1>CHALET \u0160URC<\/h1>\n<p>[\/et_pb_text][et_pb_text admin_label=&#8221;Subtitle&#8221; _builder_version=&#8221;4.21.0&#8243; _module_preset=&#8221;default&#8221; text_font=&#8221;||||||||&#8221; text_font_size=&#8221;18px&#8221; text_line_height=&#8221;1.8em&#8221; header_font=&#8221;||||||||&#8221; background_layout=&#8221;dark&#8221; custom_margin=&#8221;|||&#8221; custom_padding=&#8221;|||&#8221; animation_style=&#8221;fade&#8221; global_colors_info=&#8221;{}&#8221;]<\/p>\n<p>Prisr\u010dno pozdravljeni in dobrodo\u0161li v CHALET \u0160URC TAMAR<\/p>\n<p>[\/et_pb_text][et_pb_button button_url=&#8221;https:\/\/hotel-surc.com\/chalet-surc-tamar\/rezerviraj\/&#8221; button_text=&#8221;REZERVIRAJ&#8221; _builder_version=&#8221;4.21.0&#8243; _module_preset=&#8221;default&#8221; custom_button=&#8221;on&#8221; button_text_size=&#8221;14px&#8221; button_text_color=&#8221;#C6A67F&#8221; button_bg_color=&#8221;#194846&#8243; button_border_width=&#8221;8px&#8221; button_border_color=&#8221;#194846&#8243; button_border_radius=&#8221;0px&#8221; button_letter_spacing=&#8221;2px&#8221; button_font=&#8221;|600||on|||||&#8221; button_icon=&#8221;&#x24;||divi||400&#8243; custom_margin=&#8221;20px|20px|20px|20px|false|true&#8221; custom_padding=&#8221;||||false|false&#8221; animation_style=&#8221;fade&#8221; locked=&#8221;off&#8221; global_colors_info=&#8221;{}&#8221; button_text_size__hover_enabled=&#8221;off&#8221; button_one_text_size__hover_enabled=&#8221;off&#8221; button_two_text_size__hover_enabled=&#8221;off&#8221; button_text_color__hover_enabled=&#8221;off&#8221; button_one_text_color__hover_enabled=&#8221;off&#8221; button_two_text_color__hover_enabled=&#8221;off&#8221; button_border_width__hover_enabled=&#8221;off&#8221; button_one_border_width__hover_enabled=&#8221;off&#8221; button_two_border_width__hover_enabled=&#8221;off&#8221; button_border_color__hover_enabled=&#8221;off&#8221; button_one_border_color__hover_enabled=&#8221;off&#8221; button_two_border_color__hover_enabled=&#8221;off&#8221; button_border_radius__hover_enabled=&#8221;off&#8221; button_one_border_radius__hover_enabled=&#8221;off&#8221; button_two_border_radius__hover_enabled=&#8221;off&#8221; button_letter_spacing__hover_enabled=&#8221;off&#8221; button_one_letter_spacing__hover_enabled=&#8221;off&#8221; button_two_letter_spacing__hover_enabled=&#8221;off&#8221; button_bg_color__hover_enabled=&#8221;off&#8221; button_one_bg_color__hover_enabled=&#8221;off&#8221; button_two_bg_color__hover_enabled=&#8221;off&#8221;][\/et_pb_button][\/et_pb_column][\/et_pb_row][\/et_pb_section][et_pb_section fb_built=&#8221;1&#8243; admin_label=&#8221;AKTIVNOSTI&#8221; _builder_version=&#8221;4.21.0&#8243; _module_preset=&#8221;default&#8221; background_color=&#8221;#E6DFCF&#8221; background_enable_image=&#8221;off&#8221; background_blend=&#8221;overlay&#8221; custom_padding=&#8221;||||false|false&#8221; global_colors_info=&#8221;{}&#8221;][et_pb_row _builder_version=&#8221;4.19.4&#8243; _module_preset=&#8221;default&#8221; global_colors_info=&#8221;{}&#8221;][et_pb_column type=&#8221;4_4&#8243; _builder_version=&#8221;4.16&#8243; _module_preset=&#8221;default&#8221; global_colors_info=&#8221;{}&#8221;][et_pb_image src=&#8221;https:\/\/hotel-surc.com\/chalet-surc-tamar\/wp-content\/uploads\/2023\/07\/CHALET-SURC-LOGO-FULL-final-green.png&#8221; title_text=&#8221;CHALET S\u030cURC LOGO &#8211; FULL &#8211; final green&#8221; align=&#8221;center&#8221; _builder_version=&#8221;4.21.0&#8243; _module_preset=&#8221;default&#8221; global_colors_info=&#8221;{}&#8221;][\/et_pb_image][et_pb_text admin_label=&#8221;CHALET \u0160URC TAMAR&#8221; _builder_version=&#8221;4.21.0&#8243; _module_preset=&#8221;default&#8221; header_font=&#8221;|700|||||||&#8221; header_font_size=&#8221;60px&#8221; header_line_height=&#8221;1.3em&#8221; header_font_size_tablet=&#8221;40px&#8221; header_font_size_phone=&#8221;30px&#8221; header_font_size_last_edited=&#8221;on|phone&#8221; global_colors_info=&#8221;{}&#8221;]<\/p>\n<h1 style=\"text-align: center;\">CHALET \u0160URC TAMAR<\/h1>\n<p>[\/et_pb_text][et_pb_text _builder_version=&#8221;4.21.0&#8243; _module_preset=&#8221;default&#8221; text_font=&#8221;||||||||&#8221; text_text_color=&#8221;#194846&#8243; custom_margin=&#8221;||1px|||&#8221; hover_enabled=&#8221;0&#8243; global_colors_info=&#8221;{}&#8221; sticky_enabled=&#8221;0&#8243;]<\/p>\n<p>Chalet \u0160urc Tamar je \u010dudovita alpska ko\u010da, ki se nahaja v slikoviti dolini Tamar v Julijskih Alpah v Sloveniji. Ta \u010darobna ko\u010da je idealna destinacija za tiste, ki i\u0161\u010dejo pobeg v neokrnjeno naravo in mirno okolico.<\/p>\n<p>Notranjost ko\u010de je prostorna in udobna, oblikovana v toplem in rustikalnem alpskem stilu. Ponuja vse potrebno udobje za prijetno bivanje.<\/p>\n<p>Vsak apartma ima 2 spalnici in svojo kopalnico, vklju\u010dno z dnevnim prostorom, jedilnico in popolnoma opremljeno kuhinjo. Vsa notranja oprema je v rustikalnem stilu izdelano iz lokalnega lesa (macesen).<\/p>\n<p>Sprostite se, u\u017eivajte v sve\u017eem zraku in ob\u010dudujte \u010dudovit razgled na okoli\u0161ke gore in gozdove.<\/p>\n<p>Ko\u010da je odli\u010dno izhodi\u0161\u010de za razli\u010dne aktivnosti na prostem. V poletnih mesecih lahko raziskujete okoli\u0161ko naravo, se odpravite na ZIP LINE iz najv\u010dje skakalnice na svetu, pohodni\u0161tvo, kolesarjenje ali planinarjenje. V zimskem \u010dasu pa je ta regija znana po zimskih aktivnostih, kjer se lahko preizkusite v turnem smu\u010danju, teku na smu\u010deh, pohodni\u0161tvu&#8230;<\/p>\n<p>Chalet \u0160urc Tamar je popoln kraj za pobeg od vsakodnevnega vrve\u017ea, kjer se lahko pove\u017eete z naravo in u\u017eivate v miru in ti\u0161ini gorskega okolja.<\/p>\n<p>[\/et_pb_text][\/et_pb_column][\/et_pb_row][et_pb_row column_structure=&#8221;1_2,1_2&#8243; _builder_version=&#8221;4.21.0&#8243; _module_preset=&#8221;default&#8221; global_colors_info=&#8221;{}&#8221;][et_pb_column type=&#8221;1_2&#8243; _builder_version=&#8221;4.19.5&#8243; _module_preset=&#8221;default&#8221; global_colors_info=&#8221;{}&#8221;][dsm_card title=&#8221;APARTMA 1&#8243; subtitle=&#8221;CHALET \u0160URC TAMAR&#8221; image=&#8221;https:\/\/hotel-surc.com\/chalet-surc-tamar\/wp-content\/uploads\/2023\/07\/CHALET-SURC-TAMAR-APARTMENT-1-03.jpg&#8221; badge_text=&#8221;CHALET \u0160URC&#8221; badge_background_color=&#8221;#C6A67F&#8221; badge_url=&#8221;https:\/\/hotel-surc.com\/chalet-surc-tamar\/apartma-chalet-surc-1\/&#8221; alt=&#8221;HOTEL \u0160URC &#8211; SOBA 1&#8243; button_text=&#8221;Preberi ve\u010d&#8221; button_url=&#8221;https:\/\/hotel-surc.com\/chalet-surc-tamar\/apartma-chalet-surc-1\/&#8221; button_url_new_window=&#8221;1&#8243; admin_label=&#8221;Soba 1&#8243; _builder_version=&#8221;4.21.0&#8243; _module_preset=&#8221;default&#8221; badge_font=&#8221;|600|||||||&#8221; badge_text_color=&#8221;#194846&#8243; header_level=&#8221;h2&#8243; header_font=&#8221;|700|||||||&#8221; header_text_align=&#8221;center&#8221; header_text_color=&#8221;#F5F3EA&#8221; subhead_text_align=&#8221;center&#8221; subhead_text_color=&#8221;#FFFFFF&#8221; background_color=&#8221;#194846&#8243; custom_button=&#8221;on&#8221; button_text_size=&#8221;14px&#8221; button_text_color=&#8221;#C6A67F&#8221; button_bg_color=&#8221;#194846&#8243; button_border_width=&#8221;2px&#8221; button_border_color=&#8221;#C6A67F&#8221; button_border_radius=&#8221;0px&#8221; button_letter_spacing=&#8221;2px&#8221; button_font=&#8221;|600||on|||||&#8221; button_icon=&#8221;&#x24;||divi||400&#8243; button_alignment=&#8221;center&#8221; link_option_url=&#8221;https:\/\/hotel-surc.com\/chalet-surc-tamar\/apartma-chalet-surc-1\/&#8221; border_color_all=&#8221;#194846&#8243; box_shadow_style=&#8221;preset3&#8243; global_colors_info=&#8221;{}&#8221;][\/dsm_card][\/et_pb_column][et_pb_column type=&#8221;1_2&#8243; _builder_version=&#8221;4.19.5&#8243; _module_preset=&#8221;default&#8221; global_colors_info=&#8221;{}&#8221;][dsm_card title=&#8221;APARTMA 2&#8243; subtitle=&#8221;CHALET \u0160URC TAMAR&#8221; image=&#8221;https:\/\/hotel-surc.com\/chalet-surc-tamar\/wp-content\/uploads\/2023\/07\/CHALET-SURC-TAMAR-APARTMENT-2-13.jpg&#8221; badge_text=&#8221;CHALET \u0160URC&#8221; badge_background_color=&#8221;#C6A67F&#8221; badge_url=&#8221;https:\/\/hotel-surc.com\/chalet-surc-tamar\/apartma-chalet-surc-2&#8243; alt=&#8221;HOTEL \u0160URC &#8211; SOBA 1&#8243; button_text=&#8221;Preberi ve\u010d&#8221; button_url=&#8221;https:\/\/hotel-surc.com\/chalet-surc-tamar\/apartma-chalet-surc-2&#8243; button_url_new_window=&#8221;1&#8243; admin_label=&#8221;Soba 1&#8243; _builder_version=&#8221;4.21.0&#8243; _module_preset=&#8221;default&#8221; badge_font=&#8221;|600|||||||&#8221; badge_text_color=&#8221;#194846&#8243; header_level=&#8221;h2&#8243; header_font=&#8221;|700|||||||&#8221; header_text_align=&#8221;center&#8221; header_text_color=&#8221;#F5F3EA&#8221; subhead_text_align=&#8221;center&#8221; subhead_text_color=&#8221;#FFFFFF&#8221; background_color=&#8221;#194846&#8243; custom_button=&#8221;on&#8221; button_text_size=&#8221;14px&#8221; button_text_color=&#8221;#C6A67F&#8221; button_bg_color=&#8221;#194846&#8243; button_border_width=&#8221;2px&#8221; button_border_color=&#8221;#C6A67F&#8221; button_border_radius=&#8221;0px&#8221; button_letter_spacing=&#8221;2px&#8221; button_font=&#8221;|600||on|||||&#8221; button_icon=&#8221;&#x24;||divi||400&#8243; button_alignment=&#8221;center&#8221; link_option_url=&#8221;https:\/\/hotel-surc.com\/chalet-surc-tamar\/apartma-chalet-surc-2&#8243; border_color_all=&#8221;#194846&#8243; box_shadow_style=&#8221;preset3&#8243; global_colors_info=&#8221;{}&#8221;][\/dsm_card][\/et_pb_column][\/et_pb_row][\/et_pb_section][et_pb_section fb_built=&#8221;1&#8243; _builder_version=&#8221;4.19.4&#8243; _module_preset=&#8221;default&#8221; background_color=&#8221;#194846&#8243; global_module=&#8221;75&#8243; saved_tabs=&#8221;all&#8221; global_colors_info=&#8221;{}&#8221;][et_pb_row _builder_version=&#8221;4.19.4&#8243; _module_preset=&#8221;default&#8221; global_colors_info=&#8221;{}&#8221;][et_pb_column type=&#8221;4_4&#8243; _builder_version=&#8221;4.19.4&#8243; _module_preset=&#8221;default&#8221; global_colors_info=&#8221;{}&#8221;][et_pb_image src=&#8221;https:\/\/hotel-surc.com\/chalet-surc-tamar\/wp-content\/uploads\/2023\/07\/CHALET-SURC-LOGO-FULL-final-4.png&#8221; title_text=&#8221;CHALET S\u030cURC LOGO &#8211; FULL &#8211; final&#8221; align=&#8221;center&#8221; _builder_version=&#8221;4.21.0&#8243; _module_preset=&#8221;default&#8221; global_colors_info=&#8221;{}&#8221;][\/et_pb_image][\/et_pb_column][\/et_pb_row][et_pb_row column_structure=&#8221;1_2,1_2&#8243; _builder_version=&#8221;4.19.4&#8243; _module_preset=&#8221;default&#8221; global_colors_info=&#8221;{}&#8221;][et_pb_column type=&#8221;1_2&#8243; _builder_version=&#8221;4.19.4&#8243; _module_preset=&#8221;default&#8221; global_colors_info=&#8221;{}&#8221;][et_pb_blurb title=&#8221;NASLOV&#8221; use_icon=&#8221;on&#8221; font_icon=&#8221;&#xf5a0;||fa||900&#8243; icon_color=&#8221;#c6a67f&#8221; image_icon_width=&#8221;32px&#8221; _builder_version=&#8221;4.21.0&#8243; _module_preset=&#8221;default&#8221; header_font=&#8221;|700|||||||&#8221; header_text_color=&#8221;#FFFFFF&#8221; body_font=&#8221;||||||||&#8221; body_font_size=&#8221;15px&#8221; body_link_font=&#8221;|300|||||||&#8221; body_link_text_color=&#8221;#C6A67F&#8221; text_orientation=&#8221;center&#8221; background_layout=&#8221;dark&#8221; global_colors_info=&#8221;{}&#8221;]<\/p>\n<p><strong>CHALET \u0160URC<\/strong><br \/>Rate\u010de 169<br \/>SI-4283 Rate\u010de Planica<br \/>Slovenija<\/p>\n<p>[\/et_pb_blurb][\/et_pb_column][et_pb_column type=&#8221;1_2&#8243; _builder_version=&#8221;4.19.4&#8243; _module_preset=&#8221;default&#8221; global_colors_info=&#8221;{}&#8221;][et_pb_blurb title=&#8221;KONTAKT&#8221; use_icon=&#8221;on&#8221; font_icon=&#8221;&#xf2c2;||fa||400&#8243; icon_color=&#8221;#c6a67f&#8221; image_icon_width=&#8221;32px&#8221; _builder_version=&#8221;4.19.4&#8243; _module_preset=&#8221;default&#8221; header_font=&#8221;|700|||||||&#8221; header_text_color=&#8221;#FFFFFF&#8221; body_font=&#8221;||||||||&#8221; body_font_size=&#8221;15px&#8221; body_link_font=&#8221;|300|||||||&#8221; body_link_text_color=&#8221;#C6A67F&#8221; text_orientation=&#8221;center&#8221; background_layout=&#8221;dark&#8221; global_colors_info=&#8221;{}&#8221;]<\/p>\n<p>Email: <a href=\"mailto:info@hotel-surc.com\" target=\"_blank\" rel=\"noopener\">info@hotel-surc.com<\/a><br \/>Telefon: 041 60 90 60<\/p>\n<p>[\/et_pb_blurb][\/et_pb_column][\/et_pb_row][\/et_pb_section]<\/p>\n","protected":false},"excerpt":{"rendered":"<p>CHALET \u0160URCPrisr\u010dno pozdravljeni in dobrodo\u0161li v CHALET \u0160URC TAMARCHALET \u0160URC TAMARChalet \u0160urc Tamar je \u010dudovita alpska ko\u010da, ki se nahaja v slikoviti dolini Tamar v Julijskih Alpah v Sloveniji. Ta \u010darobna ko\u010da je idealna destinacija za tiste, ki i\u0161\u010dejo pobeg v neokrnjeno naravo in mirno okolico. Notranjost ko\u010de je prostorna in udobna, oblikovana v toplem in rustikalnem alpskem stilu. Ponuja vse potrebno udobje za prijetno bivanje. Vsak apartma ima 2 spalnici in svojo kopalnico, vklju\u010dno z dnevnim prostorom, jedilnico in popolnoma opremljeno kuhinjo. Vsa notranja oprema je v rustikalnem stilu izdelano iz lokalnega lesa (macesen). Sprostite se, u\u017eivajte v sve\u017eem zraku in ob\u010dudujte \u010dudovit razgled na okoli\u0161ke gore in gozdove. Ko\u010da je odli\u010dno izhodi\u0161\u010de za razli\u010dne aktivnosti na prostem. V poletnih mesecih lahko raziskujete okoli\u0161ko naravo, se odpravite na ZIP LINE iz najv\u010dje skakalnice na svetu, pohodni\u0161tvo, kolesarjenje ali planinarjenje. V zimskem \u010dasu pa je ta regija znana po zimskih aktivnostih, kjer se lahko preizkusite v turnem smu\u010danju, teku na smu\u010deh, pohodni\u0161tvu&#8230; Chalet \u0160urc Tamar je popoln kraj za pobeg od vsakodnevnega vrve\u017ea, kjer se lahko pove\u017eete z naravo in u\u017eivate v miru in ti\u0161ini gorskega okolja.<div class=\"et_pb_module dsm_card dsm_card_0 et_pb_bg_layout_light  dsm_card_layout_stacked\">\n\t\t\t\t\n\t\t\t\t\n\t\t\t\t\n\t\t\t\t\n\t\t\t\t\n\t\t\t\t\n\t\t\t\t<div class=\"et_pb_module_inner\">\n\t\t\t\t\t\n\t\t\t\n\t\t\t<figure class=\"dsm_card_image_wrapper dsm_card_badge_top_right\"><div class=\"dsm_card_image_background dsm_card_img\"><\/div><a href=\"\" class=\"dsm_card_badge_text\">&#8221;CHALET<\/a><\/figure>\n\t\t\t<div class=\"et_pb_module dsm_card_wrapper et_pb_text_align_left\">\n\t\t\t\t\t\n\t\t\t\t\t<h4 class=\"dsm_card_title et_pb_module_header\">&#8221;APARTMA<\/h4>\n\t\t\t\t\t<div class=\"dsm_card_subtitle\">&#8221;CHALET<\/div>\n\t\t\t\t\t\n\t\t\t\t\t\n\t\t\t\t<\/div>\n\t\t\t\n\t\t\t\t<\/div>\n\t\t\t<\/div><\/p>\n","protected":false},"author":1,"featured_media":31,"parent":0,"menu_order":0,"comment_status":"closed","ping_status":"closed","template":"","meta":{"_et_pb_use_builder":"on","_et_pb_old_content":"<!-- wp:paragraph -->\r\n<p>This is an example page. It's different from a blog post because it will stay in one place and will show up in your site navigation (in most themes). Most people start with an About page that introduces them to potential site visitors. It might say something like this:<\/p>\r\n<!-- \/wp:paragraph --><!-- wp:quote -->\r\n<blockquote class=\"wp-block-quote\">\r\n<p>Hi there! I'm a bike messenger by day, aspiring actor by night, and this is my website. I live in Los Angeles, have a great dog named Jack, and I like pi\u00f1a coladas. (And gettin' caught in the rain.)<\/p>\r\n<\/blockquote>\r\n<!-- \/wp:quote --><!-- wp:paragraph -->\r\n<p>...or something like this:<\/p>\r\n<!-- \/wp:paragraph --><!-- wp:quote -->\r\n<blockquote class=\"wp-block-quote\">\r\n<p>The XYZ Doohickey Company was founded in 1971, and has been providing quality doohickeys to the public ever since. Located in Gotham City, XYZ employs over 2,000 people and does all kinds of awesome things for the Gotham community.<\/p>\r\n<\/blockquote>\r\n<!-- \/wp:quote --><!-- wp:paragraph -->\r\n<p>As a new WordPress user, you should go to <a href=\"https:\/\/hotel-surc.com\/chalet-surc-tamar\/wp-admin\/\">your dashboard<\/a> to delete this page and create new pages for your content. Have fun!<\/p>\r\n<!-- \/wp:paragraph -->","_et_gb_content_width":"","footnotes":""},"class_list":["post-2","page","type-page","status-publish","has-post-thumbnail","hentry"],"aioseo_notices":[],"_links":{"self":[{"href":"https:\/\/hotel-surc.com\/chalet-surc-tamar\/wp-json\/wp\/v2\/pages\/2","targetHints":{"allow":["GET"]}}],"collection":[{"href":"https:\/\/hotel-surc.com\/chalet-surc-tamar\/wp-json\/wp\/v2\/pages"}],"about":[{"href":"https:\/\/hotel-surc.com\/chalet-surc-tamar\/wp-json\/wp\/v2\/types\/page"}],"author":[{"embeddable":true,"href":"https:\/\/hotel-surc.com\/chalet-surc-tamar\/wp-json\/wp\/v2\/users\/1"}],"replies":[{"embeddable":true,"href":"https:\/\/hotel-surc.com\/chalet-surc-tamar\/wp-json\/wp\/v2\/comments?post=2"}],"version-history":[{"count":26,"href":"https:\/\/hotel-surc.com\/chalet-surc-tamar\/wp-json\/wp\/v2\/pages\/2\/revisions"}],"predecessor-version":[{"id":286234,"href":"https:\/\/hotel-surc.com\/chalet-surc-tamar\/wp-json\/wp\/v2\/pages\/2\/revisions\/286234"}],"wp:featuredmedia":[{"embeddable":true,"href":"https:\/\/hotel-surc.com\/chalet-surc-tamar\/wp-json\/wp\/v2\/media\/31"}],"wp:attachment":[{"href":"https:\/\/hotel-surc.com\/chalet-surc-tamar\/wp-json\/wp\/v2\/media?parent=2"}],"curies":[{"name":"wp","href":"https:\/\/api.w.org\/{rel}","templated":true}]}}