{"id":286126,"date":"2023-07-11T08:11:09","date_gmt":"2023-07-11T06:11:09","guid":{"rendered":"https:\/\/hotel-surc.com\/chalet-surc-tamar\/?page_id=286126"},"modified":"2023-07-22T10:41:06","modified_gmt":"2023-07-22T08:41:06","slug":"rezerviraj","status":"publish","type":"page","link":"https:\/\/hotel-surc.com\/chalet-surc-tamar\/rezerviraj\/","title":{"rendered":"REZERVIRAJ"},"content":{"rendered":"<p>[et_pb_section fb_built=&#8221;1&#8243; admin_label=&#8221;Rezervacija&#8221; _builder_version=&#8221;4.19.4&#8243; _module_preset=&#8221;default&#8221; background_color=&#8221;#194846&#8243; background_enable_image=&#8221;off&#8221; background_blend=&#8221;overlay&#8221; custom_margin=&#8221;||||false|false&#8221; custom_padding=&#8221;||||false|false&#8221; global_colors_info=&#8221;{}&#8221;][et_pb_row _builder_version=&#8221;4.19.4&#8243; _module_preset=&#8221;default&#8221; global_colors_info=&#8221;{}&#8221;][et_pb_column type=&#8221;4_4&#8243; _builder_version=&#8221;4.19.4&#8243; _module_preset=&#8221;default&#8221; global_colors_info=&#8221;{}&#8221;][et_pb_text _builder_version=&#8221;4.21.0&#8243; _module_preset=&#8221;default&#8221; text_text_color=&#8221;#FFFFFF&#8221; header_font=&#8221;|700|||||||&#8221; header_text_color=&#8221;#C6A67F&#8221; header_font_size=&#8221;60px&#8221; header_line_height=&#8221;1.3em&#8221; header_font_size_tablet=&#8221;40px&#8221; header_font_size_phone=&#8221;30px&#8221; header_font_size_last_edited=&#8221;on|phone&#8221; global_colors_info=&#8221;{}&#8221;]<\/p>\n<h1 style=\"text-align: center;\">Rezervacija<\/h1>\n<p>&nbsp;<\/p>\n<p style=\"text-align: center;\">Dobrodo\u0161li v Chaletu \u0160urc, va\u0161em zato\u010di\u0161\u010du v \u010darobnem Tamarju, le korak stran od slikovite vasice Rate\u010de! Z veseljem vam odpiramo vrata v na\u0161o idili\u010dno planinsko ko\u010do, kjer se boste lahko popolnoma sprostili in u\u017eivali v neokrnjeni lepoti gorskega okolja.<\/p>\n<p>[\/et_pb_text][\/et_pb_column][\/et_pb_row][\/et_pb_section][et_pb_section fb_built=&#8221;1&#8243; admin_label=&#8221;SOBE&#8221; _builder_version=&#8221;4.21.0&#8243; _module_preset=&#8221;default&#8221; background_color=&#8221;#E6DFCF&#8221; background_enable_image=&#8221;off&#8221; background_blend=&#8221;overlay&#8221; custom_margin=&#8221;||||false|false&#8221; custom_padding=&#8221;||10px||false|false&#8221; global_colors_info=&#8221;{}&#8221;][et_pb_row _builder_version=&#8221;4.19.4&#8243; _module_preset=&#8221;default&#8221; global_colors_info=&#8221;{}&#8221;][et_pb_column type=&#8221;4_4&#8243; _builder_version=&#8221;4.16&#8243; _module_preset=&#8221;default&#8221; global_colors_info=&#8221;{}&#8221;][et_pb_text admin_label=&#8221;Soba 11&#8243; _builder_version=&#8221;4.21.0&#8243; _module_preset=&#8221;default&#8221; text_font=&#8221;|300|||||||&#8221; text_text_color=&#8221;#194846&#8243; text_font_size=&#8221;12px&#8221; header_font=&#8221;|600|||||||&#8221; header_text_color=&#8221;#194846&#8243; hover_enabled=&#8221;0&#8243; header_font_size_tablet=&#8221;35px&#8221; header_font_size_phone=&#8221;35px&#8221; header_font_size_last_edited=&#8221;on|phone&#8221; locked=&#8221;off&#8221; global_colors_info=&#8221;{}&#8221; sticky_enabled=&#8221;0&#8243;]*Pred odhodom v Tamar se morate obvezno najkasneje do 15:30 registrirati v Hotelu \u0160urc na naslovu Rate\u010de 86. Dosegljivi smo na tel. +386 41 60 90 60.[\/et_pb_text][et_pb_code _builder_version=&#8221;4.21.0&#8243; _module_preset=&#8221;default&#8221; global_colors_info=&#8221;{}&#8221;]<script src=\"\/\/www.bentral.com\/service\/embed\/booking.js?id=5f4441344e675f4e&#038;unit=5f546b314e515f4f&#038;width=full&#038;header-bg=e6dfcf&#038;header-color=194846&#038;header2-bg=e6dfcf&#038;header2-color=194846&#038;table-bg=fcfcfc&#038;table-color=194846&#038;btn-bg=194846&#038;btn-color=c6a67f&#038;border-color=194846&#038;lang=sl&#038;key=0a32183b827a6a636ff61171336ac1e7\"><\/script>[\/et_pb_code][\/et_pb_column][\/et_pb_row][\/et_pb_section][et_pb_section fb_built=&#8221;1&#8243; _builder_version=&#8221;4.19.4&#8243; _module_preset=&#8221;default&#8221; background_color=&#8221;#194846&#8243; global_module=&#8221;75&#8243; saved_tabs=&#8221;all&#8221; global_colors_info=&#8221;{}&#8221;][et_pb_row _builder_version=&#8221;4.19.4&#8243; _module_preset=&#8221;default&#8221; global_colors_info=&#8221;{}&#8221;][et_pb_column type=&#8221;4_4&#8243; _builder_version=&#8221;4.19.4&#8243; _module_preset=&#8221;default&#8221; global_colors_info=&#8221;{}&#8221;][et_pb_image src=&#8221;https:\/\/hotel-surc.com\/chalet-surc-tamar\/wp-content\/uploads\/2023\/07\/CHALET-SURC-LOGO-FULL-final-4.png&#8221; title_text=&#8221;CHALET S\u030cURC LOGO &#8211; FULL &#8211; final&#8221; align=&#8221;center&#8221; _builder_version=&#8221;4.21.0&#8243; _module_preset=&#8221;default&#8221; global_colors_info=&#8221;{}&#8221;][\/et_pb_image][\/et_pb_column][\/et_pb_row][et_pb_row column_structure=&#8221;1_2,1_2&#8243; _builder_version=&#8221;4.19.4&#8243; _module_preset=&#8221;default&#8221; global_colors_info=&#8221;{}&#8221;][et_pb_column type=&#8221;1_2&#8243; _builder_version=&#8221;4.19.4&#8243; _module_preset=&#8221;default&#8221; global_colors_info=&#8221;{}&#8221;][et_pb_blurb title=&#8221;NASLOV&#8221; use_icon=&#8221;on&#8221; font_icon=&#8221;&#xf5a0;||fa||900&#8243; icon_color=&#8221;#c6a67f&#8221; image_icon_width=&#8221;32px&#8221; _builder_version=&#8221;4.21.0&#8243; _module_preset=&#8221;default&#8221; header_font=&#8221;|700|||||||&#8221; header_text_color=&#8221;#FFFFFF&#8221; body_font=&#8221;||||||||&#8221; body_font_size=&#8221;15px&#8221; body_link_font=&#8221;|300|||||||&#8221; body_link_text_color=&#8221;#C6A67F&#8221; text_orientation=&#8221;center&#8221; background_layout=&#8221;dark&#8221; global_colors_info=&#8221;{}&#8221;]<\/p>\n<p><strong>CHALET \u0160URC<\/strong><br \/>Rate\u010de 169<br \/>SI-4283 Rate\u010de Planica<br \/>Slovenija<\/p>\n<p>[\/et_pb_blurb][\/et_pb_column][et_pb_column type=&#8221;1_2&#8243; _builder_version=&#8221;4.19.4&#8243; _module_preset=&#8221;default&#8221; global_colors_info=&#8221;{}&#8221;][et_pb_blurb title=&#8221;KONTAKT&#8221; use_icon=&#8221;on&#8221; font_icon=&#8221;&#xf2c2;||fa||400&#8243; icon_color=&#8221;#c6a67f&#8221; image_icon_width=&#8221;32px&#8221; _builder_version=&#8221;4.19.4&#8243; _module_preset=&#8221;default&#8221; header_font=&#8221;|700|||||||&#8221; header_text_color=&#8221;#FFFFFF&#8221; body_font=&#8221;||||||||&#8221; body_font_size=&#8221;15px&#8221; body_link_font=&#8221;|300|||||||&#8221; body_link_text_color=&#8221;#C6A67F&#8221; text_orientation=&#8221;center&#8221; background_layout=&#8221;dark&#8221; global_colors_info=&#8221;{}&#8221;]<\/p>\n<p>Email: <a href=\"mailto:info@hotel-surc.com\" target=\"_blank\" rel=\"noopener\">info@hotel-surc.com<\/a><br \/>Telefon: 041 60 90 60<\/p>\n<p>[\/et_pb_blurb][\/et_pb_column][\/et_pb_row][\/et_pb_section]<\/p>\n","protected":false},"excerpt":{"rendered":"<p>Rezervacija &nbsp; Dobrodo\u0161li v Chaletu \u0160urc, va\u0161em zato\u010di\u0161\u010du v \u010darobnem Tamarju, le korak stran od slikovite vasice Rate\u010de! Z veseljem vam odpiramo vrata v na\u0161o idili\u010dno planinsko ko\u010do, kjer se boste lahko popolnoma sprostili in u\u017eivali v neokrnjeni lepoti gorskega okolja.*Pred odhodom v Tamar se morate obvezno najkasneje do 15:30 registrirati v Hotelu \u0160urc na naslovu Rate\u010de 86. Dosegljivi smo na tel. +386 41 60 90 60.CHALET \u0160URCRate\u010de 169SI-4283 Rate\u010de PlanicaSlovenijaEmail: info@hotel-surc.comTelefon: 041 60 90 60<\/p>\n","protected":false},"author":1,"featured_media":33,"parent":0,"menu_order":6,"comment_status":"closed","ping_status":"closed","template":"","meta":{"_et_pb_use_builder":"on","_et_pb_old_content":"","_et_gb_content_width":"","footnotes":""},"class_list":["post-286126","page","type-page","status-publish","has-post-thumbnail","hentry"],"aioseo_notices":[],"_links":{"self":[{"href":"https:\/\/hotel-surc.com\/chalet-surc-tamar\/wp-json\/wp\/v2\/pages\/286126","targetHints":{"allow":["GET"]}}],"collection":[{"href":"https:\/\/hotel-surc.com\/chalet-surc-tamar\/wp-json\/wp\/v2\/pages"}],"about":[{"href":"https:\/\/hotel-surc.com\/chalet-surc-tamar\/wp-json\/wp\/v2\/types\/page"}],"author":[{"embeddable":true,"href":"https:\/\/hotel-surc.com\/chalet-surc-tamar\/wp-json\/wp\/v2\/users\/1"}],"replies":[{"embeddable":true,"href":"https:\/\/hotel-surc.com\/chalet-surc-tamar\/wp-json\/wp\/v2\/comments?post=286126"}],"version-history":[{"count":10,"href":"https:\/\/hotel-surc.com\/chalet-surc-tamar\/wp-json\/wp\/v2\/pages\/286126\/revisions"}],"predecessor-version":[{"id":286228,"href":"https:\/\/hotel-surc.com\/chalet-surc-tamar\/wp-json\/wp\/v2\/pages\/286126\/revisions\/286228"}],"wp:featuredmedia":[{"embeddable":true,"href":"https:\/\/hotel-surc.com\/chalet-surc-tamar\/wp-json\/wp\/v2\/media\/33"}],"wp:attachment":[{"href":"https:\/\/hotel-surc.com\/chalet-surc-tamar\/wp-json\/wp\/v2\/media?parent=286126"}],"curies":[{"name":"wp","href":"https:\/\/api.w.org\/{rel}","templated":true}]}}